{"id":682,"date":"2023-11-13T17:59:45","date_gmt":"2023-11-13T17:59:45","guid":{"rendered":"https:\/\/latinatemptation.com\/Links\/?page_id=682"},"modified":"2023-11-13T18:00:57","modified_gmt":"2023-11-13T18:00:57","slug":"otaku","status":"publish","type":"page","link":"https:\/\/latinatemptation.com\/Links\/otaku\/","title":{"rendered":"Otaku"},"content":{"rendered":"<hr>\n<p style=\"text-align: center;\"><a class=\"fasc-button fasc-size-large fasc-type-glossy fasc-rounded-medium ico-fa fasc-ico-before fa-download fasc-style-bold fasc-style-italic\" style=\"background-color: #000000; color: #ff0000;\" target=\"_blank\" rel=\"nofollow noopener\" href=\"https:\/\/teraboxapp.com\/s\/1bkwuXpHfgB6Oox7HMhQ1qQ\">Descargar v\u00eddeo opci\u00f3n 1(Recomendada)<\/a><\/p>\n<p style=\"text-align: center;\"><a class=\"fasc-button fasc-size-large fasc-type-glossy fasc-rounded-medium ico-fa fasc-ico-before fa-download fasc-style-bold fasc-style-italic\" style=\"background-color: #000000; color: #ff0000;\" target=\"_blank\" rel=\"nofollow noopener\" href=\"https:\/\/upfiles.com\/VmwTD\">Descargar v\u00eddeo opci\u00f3n 2<\/a><\/p>\n<hr>\n","protected":false},"excerpt":{"rendered":"<p>Descargar v\u00eddeo opci\u00f3n 1(Recomendada) Descargar v\u00eddeo opci\u00f3n 2<\/p>\n","protected":false},"author":2,"featured_media":0,"parent":0,"menu_order":0,"comment_status":"closed","ping_status":"closed","template":"","meta":{"footnotes":""},"class_list":["post-682","page","type-page","status-publish","hentry","no-thumb"],"_links":{"self":[{"href":"https:\/\/latinatemptation.com\/Links\/wp-json\/wp\/v2\/pages\/682","targetHints":{"allow":["GET"]}}],"collection":[{"href":"https:\/\/latinatemptation.com\/Links\/wp-json\/wp\/v2\/pages"}],"about":[{"href":"https:\/\/latinatemptation.com\/Links\/wp-json\/wp\/v2\/types\/page"}],"author":[{"embeddable":true,"href":"https:\/\/latinatemptation.com\/Links\/wp-json\/wp\/v2\/users\/2"}],"replies":[{"embeddable":true,"href":"https:\/\/latinatemptation.com\/Links\/wp-json\/wp\/v2\/comments?post=682"}],"version-history":[{"count":3,"href":"https:\/\/latinatemptation.com\/Links\/wp-json\/wp\/v2\/pages\/682\/revisions"}],"predecessor-version":[{"id":685,"href":"https:\/\/latinatemptation.com\/Links\/wp-json\/wp\/v2\/pages\/682\/revisions\/685"}],"wp:attachment":[{"href":"https:\/\/latinatemptation.com\/Links\/wp-json\/wp\/v2\/media?parent=682"}],"curies":[{"name":"wp","href":"https:\/\/api.w.org\/{rel}","templated":true}]}}