{"id":627,"date":"2023-08-15T19:43:30","date_gmt":"2023-08-15T19:43:30","guid":{"rendered":"https:\/\/latinatemptation.com\/Links\/?page_id=627"},"modified":"2023-08-15T19:43:30","modified_gmt":"2023-08-15T19:43:30","slug":"meliare","status":"publish","type":"page","link":"https:\/\/latinatemptation.com\/Links\/meliare\/","title":{"rendered":"Meliare"},"content":{"rendered":"<hr>\n<p style=\"text-align: center;\"><a class=\"fasc-button fasc-size-large fasc-type-glossy fasc-rounded-medium ico-fa fasc-ico-before fa-download fasc-style-bold fasc-style-italic\" style=\"background-color: #000000; color: #ff0000;\" target=\"_blank\" rel=\"nofollow noopener\" href=\"https:\/\/upfiles.com\/bSA5Vd\">Descargar v\u00eddeo opci\u00f3n 1(Recomendada)<\/a><\/p>\n<p style=\"text-align: center;\"><a class=\"fasc-button fasc-size-large fasc-type-glossy fasc-rounded-medium ico-fa fasc-ico-before fa-download fasc-style-bold fasc-style-italic\" style=\"background-color: #000000; color: #ff0000;\" target=\"_blank\" rel=\"nofollow noopener\" href=\"https:\/\/streamtape.com\/v\/vlZRGDxZ07u44vx\/M3L14R3.mp4\">Descargar v\u00eddeo opci\u00f3n 2<\/a><\/p>\n","protected":false},"excerpt":{"rendered":"<p>Descargar v\u00eddeo opci\u00f3n 1(Recomendada) Descargar v\u00eddeo opci\u00f3n 2<\/p>\n","protected":false},"author":2,"featured_media":0,"parent":0,"menu_order":0,"comment_status":"closed","ping_status":"closed","template":"","meta":{"footnotes":""},"class_list":["post-627","page","type-page","status-publish","hentry","no-thumb"],"_links":{"self":[{"href":"https:\/\/latinatemptation.com\/Links\/wp-json\/wp\/v2\/pages\/627","targetHints":{"allow":["GET"]}}],"collection":[{"href":"https:\/\/latinatemptation.com\/Links\/wp-json\/wp\/v2\/pages"}],"about":[{"href":"https:\/\/latinatemptation.com\/Links\/wp-json\/wp\/v2\/types\/page"}],"author":[{"embeddable":true,"href":"https:\/\/latinatemptation.com\/Links\/wp-json\/wp\/v2\/users\/2"}],"replies":[{"embeddable":true,"href":"https:\/\/latinatemptation.com\/Links\/wp-json\/wp\/v2\/comments?post=627"}],"version-history":[{"count":1,"href":"https:\/\/latinatemptation.com\/Links\/wp-json\/wp\/v2\/pages\/627\/revisions"}],"predecessor-version":[{"id":628,"href":"https:\/\/latinatemptation.com\/Links\/wp-json\/wp\/v2\/pages\/627\/revisions\/628"}],"wp:attachment":[{"href":"https:\/\/latinatemptation.com\/Links\/wp-json\/wp\/v2\/media?parent=627"}],"curies":[{"name":"wp","href":"https:\/\/api.w.org\/{rel}","templated":true}]}}