{"id":45,"date":"2022-06-29T04:52:18","date_gmt":"2022-06-29T04:52:18","guid":{"rendered":"https:\/\/latinatemptation.com\/Links\/?page_id=45"},"modified":"2022-06-29T04:52:18","modified_gmt":"2022-06-29T04:52:18","slug":"steffy-y-michelle","status":"publish","type":"page","link":"https:\/\/latinatemptation.com\/Links\/steffy-y-michelle\/","title":{"rendered":"Steffy y Michelle"},"content":{"rendered":"<hr>\n<p style=\"text-align: center;\"><a class=\"fasc-button fasc-size-large fasc-type-glossy fasc-rounded-medium ico-fa fasc-ico-before fa-download fasc-style-bold fasc-style-italic\" style=\"background-color: #000000; color: #ff0000;\" target=\"_blank\" rel=\"nofollow noopener\" href=\"https:\/\/sbfull.com\/5be6j23q5tuk.html\">Descargar v\u00eddeo opci\u00f3n 1<\/a><\/p>\n<p style=\"text-align: center;\"><a class=\"fasc-button fasc-size-large fasc-type-glossy fasc-rounded-medium ico-fa fasc-ico-before fa-download fasc-style-bold fasc-style-italic\" style=\"background-color: #000000; color: #ff0000;\" target=\"_blank\" rel=\"nofollow noopener\" href=\"https:\/\/mixdrop.co\/f\/gn7mjrg9c4xjvk\">Descargar v\u00eddeo opci\u00f3n 2<\/a><\/p>\n<p style=\"text-align: center;\"><a class=\"fasc-button fasc-size-large fasc-type-glossy fasc-rounded-medium ico-fa fasc-ico-before fa-download fasc-style-bold fasc-style-italic\" style=\"background-color: #000000; color: #ff0000;\" target=\"_blank\" rel=\"nofollow noopener\" href=\"https:\/\/streamtape.com\/v\/J3DeLMqjzoujY8G\/MichelleySteffiLesbian.mp4\">Descargar v\u00eddeo opci\u00f3n 3<\/a><\/p>\n<p style=\"text-align: center;\"><a class=\"fasc-button fasc-size-large fasc-type-glossy fasc-rounded-medium ico-fa fasc-ico-before fa-download fasc-style-bold fasc-style-italic\" style=\"background-color: #000000; color: #ff0000;\" target=\"_blank\" rel=\"nofollow noopener\" href=\"https:\/\/sbfull.com\/5be6j23q5tuk.html\">Descargar v\u00eddeo opci\u00f3n 4<\/a><\/p>\n<hr>\n","protected":false},"excerpt":{"rendered":"<p>Descargar v\u00eddeo opci\u00f3n 1 Descargar v\u00eddeo opci\u00f3n 2 Descargar v\u00eddeo opci\u00f3n 3 Descargar v\u00eddeo opci\u00f3n 4<\/p>\n","protected":false},"author":2,"featured_media":0,"parent":0,"menu_order":0,"comment_status":"closed","ping_status":"closed","template":"","meta":{"footnotes":""},"class_list":["post-45","page","type-page","status-publish","hentry","no-thumb"],"_links":{"self":[{"href":"https:\/\/latinatemptation.com\/Links\/wp-json\/wp\/v2\/pages\/45","targetHints":{"allow":["GET"]}}],"collection":[{"href":"https:\/\/latinatemptation.com\/Links\/wp-json\/wp\/v2\/pages"}],"about":[{"href":"https:\/\/latinatemptation.com\/Links\/wp-json\/wp\/v2\/types\/page"}],"author":[{"embeddable":true,"href":"https:\/\/latinatemptation.com\/Links\/wp-json\/wp\/v2\/users\/2"}],"replies":[{"embeddable":true,"href":"https:\/\/latinatemptation.com\/Links\/wp-json\/wp\/v2\/comments?post=45"}],"version-history":[{"count":4,"href":"https:\/\/latinatemptation.com\/Links\/wp-json\/wp\/v2\/pages\/45\/revisions"}],"predecessor-version":[{"id":49,"href":"https:\/\/latinatemptation.com\/Links\/wp-json\/wp\/v2\/pages\/45\/revisions\/49"}],"wp:attachment":[{"href":"https:\/\/latinatemptation.com\/Links\/wp-json\/wp\/v2\/media?parent=45"}],"curies":[{"name":"wp","href":"https:\/\/api.w.org\/{rel}","templated":true}]}}