{"id":311,"date":"2022-11-15T23:00:13","date_gmt":"2022-11-15T23:00:13","guid":{"rendered":"https:\/\/latinatemptation.com\/Links\/?page_id=311"},"modified":"2022-11-15T23:00:13","modified_gmt":"2022-11-15T23:00:13","slug":"mary-moody","status":"publish","type":"page","link":"https:\/\/latinatemptation.com\/Links\/mary-moody\/","title":{"rendered":"Mary Moody"},"content":{"rendered":"<hr>\n<p style=\"text-align: center;\"><a class=\"fasc-button fasc-size-large fasc-type-glossy fasc-rounded-medium ico-fa fasc-ico-before fa-download fasc-style-bold fasc-style-italic\" style=\"background-color: #000000; color: #ff0000;\" target=\"_blank\" rel=\"nofollow noopener\" href=\"https:\/\/player.animixplay.skin\/download\/4510be93-1f44-4cd9-9c4f-e520c89256ea\">Descargar v\u00eddeo opci\u00f3n 1(Recomendada)<\/a><\/p>\n<p style=\"text-align: center;\"><a class=\"fasc-button fasc-size-large fasc-type-glossy fasc-rounded-medium ico-fa fasc-ico-before fa-download fasc-style-bold fasc-style-italic\" style=\"background-color: #000000; color: #ff0000;\" target=\"_blank\" rel=\"nofollow noopener\" href=\"https:\/\/streamtape.com\/v\/RggDolarbZhd8Z8\/moody.mp4\">Descargar v\u00eddeo opci\u00f3n 2<\/a><\/p>\n<p style=\"text-align: center;\"><a class=\"fasc-button fasc-size-large fasc-type-glossy fasc-rounded-medium ico-fa fasc-ico-before fa-download fasc-style-bold fasc-style-italic\" style=\"background-color: #000000; color: #ff0000;\" target=\"_blank\" rel=\"nofollow noopener\" href=\"https:\/\/streamtape.com\/v\/RggDolarbZhd8Z8\/moody.mp4\">Descargar v\u00eddeo opci\u00f3n 3<\/a><\/p>\n<hr>\n","protected":false},"excerpt":{"rendered":"<p>Descargar v\u00eddeo opci\u00f3n 1(Recomendada) Descargar v\u00eddeo opci\u00f3n 2 Descargar v\u00eddeo opci\u00f3n 3<\/p>\n","protected":false},"author":2,"featured_media":0,"parent":0,"menu_order":0,"comment_status":"closed","ping_status":"closed","template":"","meta":{"footnotes":""},"class_list":["post-311","page","type-page","status-publish","hentry","no-thumb"],"_links":{"self":[{"href":"https:\/\/latinatemptation.com\/Links\/wp-json\/wp\/v2\/pages\/311","targetHints":{"allow":["GET"]}}],"collection":[{"href":"https:\/\/latinatemptation.com\/Links\/wp-json\/wp\/v2\/pages"}],"about":[{"href":"https:\/\/latinatemptation.com\/Links\/wp-json\/wp\/v2\/types\/page"}],"author":[{"embeddable":true,"href":"https:\/\/latinatemptation.com\/Links\/wp-json\/wp\/v2\/users\/2"}],"replies":[{"embeddable":true,"href":"https:\/\/latinatemptation.com\/Links\/wp-json\/wp\/v2\/comments?post=311"}],"version-history":[{"count":2,"href":"https:\/\/latinatemptation.com\/Links\/wp-json\/wp\/v2\/pages\/311\/revisions"}],"predecessor-version":[{"id":313,"href":"https:\/\/latinatemptation.com\/Links\/wp-json\/wp\/v2\/pages\/311\/revisions\/313"}],"wp:attachment":[{"href":"https:\/\/latinatemptation.com\/Links\/wp-json\/wp\/v2\/media?parent=311"}],"curies":[{"name":"wp","href":"https:\/\/api.w.org\/{rel}","templated":true}]}}