{"id":233,"date":"2022-10-05T22:46:11","date_gmt":"2022-10-05T22:46:11","guid":{"rendered":"https:\/\/latinatemptation.com\/Links\/?page_id=233"},"modified":"2022-10-05T22:46:11","modified_gmt":"2022-10-05T22:46:11","slug":"steffy-2","status":"publish","type":"page","link":"https:\/\/latinatemptation.com\/Links\/steffy-2\/","title":{"rendered":"Steffy"},"content":{"rendered":"<hr>\n<p style=\"text-align: center;\"><a class=\"fasc-button fasc-size-large fasc-type-glossy fasc-rounded-medium ico-fa fasc-ico-before fa-download fasc-style-bold fasc-style-italic\" style=\"background-color: #000000; color: #ff0000;\" target=\"_blank\" rel=\"nofollow noopener\" href=\"https:\/\/sblanh.com\/yn41zvyljs5a.html\">Descargar v\u00eddeo opci\u00f3n 1(Recomendada)<\/a><\/p>\n<p style=\"text-align: center;\"><a class=\"fasc-button fasc-size-large fasc-type-glossy fasc-rounded-medium ico-fa fasc-ico-before fa-download fasc-style-bold fasc-style-italic\" style=\"background-color: #000000; color: #ff0000;\" target=\"_blank\" rel=\"nofollow noopener\" href=\"https:\/\/streamtape.com\/v\/o9OAKObzmLuJz8g\/STEFF.mp4\">Descargar v\u00eddeo opci\u00f3n 2<\/a><\/p>\n<p style=\"text-align: center;\"><a class=\"fasc-button fasc-size-large fasc-type-glossy fasc-rounded-medium ico-fa fasc-ico-before fa-download fasc-style-bold fasc-style-italic\" style=\"background-color: #000000; color: #ff0000;\" target=\"_blank\" rel=\"nofollow noopener\" href=\"https:\/\/dood.wf\/d\/08qvt489vloe\">Descargar v\u00eddeo opci\u00f3n 3<\/a><\/p>\n<p style=\"text-align: center;\"><a class=\"fasc-button fasc-size-large fasc-type-glossy fasc-rounded-medium ico-fa fasc-ico-before fa-download fasc-style-bold fasc-style-italic\" style=\"background-color: #000000; color: #ff0000;\" target=\"_blank\" rel=\"nofollow noopener\" href=\"https:\/\/streamtape.com\/v\/o9OAKObzmLuJz8g\/STEFF.mp4\">Descargar v\u00eddeo opci\u00f3n 4<\/a><\/p>\n<hr>\n","protected":false},"excerpt":{"rendered":"<p>Descargar v\u00eddeo opci\u00f3n 1(Recomendada) Descargar v\u00eddeo opci\u00f3n 2 Descargar v\u00eddeo opci\u00f3n 3 Descargar v\u00eddeo opci\u00f3n 4<\/p>\n","protected":false},"author":2,"featured_media":0,"parent":0,"menu_order":0,"comment_status":"closed","ping_status":"closed","template":"","meta":{"footnotes":""},"class_list":["post-233","page","type-page","status-publish","hentry","no-thumb"],"_links":{"self":[{"href":"https:\/\/latinatemptation.com\/Links\/wp-json\/wp\/v2\/pages\/233","targetHints":{"allow":["GET"]}}],"collection":[{"href":"https:\/\/latinatemptation.com\/Links\/wp-json\/wp\/v2\/pages"}],"about":[{"href":"https:\/\/latinatemptation.com\/Links\/wp-json\/wp\/v2\/types\/page"}],"author":[{"embeddable":true,"href":"https:\/\/latinatemptation.com\/Links\/wp-json\/wp\/v2\/users\/2"}],"replies":[{"embeddable":true,"href":"https:\/\/latinatemptation.com\/Links\/wp-json\/wp\/v2\/comments?post=233"}],"version-history":[{"count":4,"href":"https:\/\/latinatemptation.com\/Links\/wp-json\/wp\/v2\/pages\/233\/revisions"}],"predecessor-version":[{"id":237,"href":"https:\/\/latinatemptation.com\/Links\/wp-json\/wp\/v2\/pages\/233\/revisions\/237"}],"wp:attachment":[{"href":"https:\/\/latinatemptation.com\/Links\/wp-json\/wp\/v2\/media?parent=233"}],"curies":[{"name":"wp","href":"https:\/\/api.w.org\/{rel}","templated":true}]}}